{"id":2697,"date":"2022-12-19T21:30:42","date_gmt":"2022-12-19T19:30:42","guid":{"rendered":"https:\/\/foodsharing-lkofw.de\/?page_id=2697"},"modified":"2023-01-31T21:23:56","modified_gmt":"2023-01-31T19:23:56","slug":"unterstuetzen","status":"publish","type":"page","link":"https:\/\/foodsharing-lkofw.de\/index.php\/unterstuetzen\/","title":{"rendered":"Unterst\u00fctzen"},"content":{"rendered":"<div class=\"fusion-fullwidth fullwidth-box fusion-builder-row-1 fusion-flex-container nonhundred-percent-fullwidth non-hundred-percent-height-scrolling\" style=\"--awb-border-radius-top-left:0px;--awb-border-radius-top-right:0px;--awb-border-radius-bottom-right:0px;--awb-border-radius-bottom-left:0px;--awb-flex-wrap:wrap;\" ><div class=\"fusion-builder-row fusion-row fusion-flex-align-items-flex-start fusion-flex-content-wrap\" style=\"max-width:1248px;margin-left: calc(-4% \/ 2 );margin-right: calc(-4% \/ 2 );\"><div class=\"fusion-layout-column fusion_builder_column fusion-builder-column-0 fusion_builder_column_1_1 1_1 fusion-flex-column\" style=\"--awb-bg-size:cover;--awb-width-large:100%;--awb-margin-top-large:10px;--awb-spacing-right-large:1.92%;--awb-margin-bottom-large:10px;--awb-spacing-left-large:1.92%;--awb-width-medium:100%;--awb-order-medium:0;--awb-spacing-right-medium:1.92%;--awb-spacing-left-medium:1.92%;--awb-width-small:100%;--awb-order-small:0;--awb-spacing-right-small:1.92%;--awb-spacing-left-small:1.92%;\"><div class=\"fusion-column-wrapper fusion-column-has-shadow fusion-flex-justify-content-flex-start fusion-content-layout-column\"><div class=\"fusion-text fusion-text-1\" style=\"--awb-text-transform:none;\"><p>Wir freuen uns, dass du uns unterst\u00fctzen m\u00f6chtest! Hierzu gibt es zwei M\u00f6glichkeiten:<\/p>\n<ul>\n<li>Du m\u00f6chtest uns mit einer Geld- oder Sachspende unterst\u00fctzen? Dann klicke hier: <a href=\"https:\/\/foodsharing-lkofw.de\/index.php\/spenden\/\">Spenden<\/a><\/li>\n<li>Oder du wirst gleich selbst aktiv! Dann geht es hier lang: <a href=\"https:\/\/foodsharing-lkofw.de\/index.php\/aktiv-werden\/\">Aktiv werden<\/a><\/li>\n<\/ul>\n<\/div><\/div><\/div><\/div><\/div>\n","protected":false},"excerpt":{"rendered":"","protected":false},"author":2,"featured_media":0,"parent":0,"menu_order":0,"comment_status":"closed","ping_status":"closed","template":"","meta":{"footnotes":""},"class_list":["post-2697","page","type-page","status-publish","hentry"],"_links":{"self":[{"href":"https:\/\/foodsharing-lkofw.de\/index.php\/wp-json\/wp\/v2\/pages\/2697","targetHints":{"allow":["GET"]}}],"collection":[{"href":"https:\/\/foodsharing-lkofw.de\/index.php\/wp-json\/wp\/v2\/pages"}],"about":[{"href":"https:\/\/foodsharing-lkofw.de\/index.php\/wp-json\/wp\/v2\/types\/page"}],"author":[{"embeddable":true,"href":"https:\/\/foodsharing-lkofw.de\/index.php\/wp-json\/wp\/v2\/users\/2"}],"replies":[{"embeddable":true,"href":"https:\/\/foodsharing-lkofw.de\/index.php\/wp-json\/wp\/v2\/comments?post=2697"}],"version-history":[{"count":3,"href":"https:\/\/foodsharing-lkofw.de\/index.php\/wp-json\/wp\/v2\/pages\/2697\/revisions"}],"predecessor-version":[{"id":2742,"href":"https:\/\/foodsharing-lkofw.de\/index.php\/wp-json\/wp\/v2\/pages\/2697\/revisions\/2742"}],"wp:attachment":[{"href":"https:\/\/foodsharing-lkofw.de\/index.php\/wp-json\/wp\/v2\/media?parent=2697"}],"curies":[{"name":"wp","href":"https:\/\/api.w.org\/{rel}","templated":true}]}}