{"id":2650,"date":"2022-12-06T10:52:36","date_gmt":"2022-12-06T08:52:36","guid":{"rendered":"https:\/\/foodsharing-lkofw.de\/?page_id=2650"},"modified":"2022-12-19T22:11:58","modified_gmt":"2022-12-19T20:11:58","slug":"spenden","status":"publish","type":"page","link":"https:\/\/foodsharing-lkofw.de\/index.php\/spenden\/","title":{"rendered":"Spenden"},"content":{"rendered":"<div class=\"fusion-fullwidth fullwidth-box fusion-builder-row-1 fusion-flex-container nonhundred-percent-fullwidth non-hundred-percent-height-scrolling\" style=\"--awb-border-radius-top-left:0px;--awb-border-radius-top-right:0px;--awb-border-radius-bottom-right:0px;--awb-border-radius-bottom-left:0px;--awb-margin-top:-10%;--awb-background-color:var(--awb-color3);--awb-flex-wrap:wrap;\" ><div class=\"fusion-builder-row fusion-row fusion-flex-align-items-flex-start fusion-flex-content-wrap\" style=\"max-width:1248px;margin-left: calc(-4% \/ 2 );margin-right: calc(-4% \/ 2 );\"><div class=\"fusion-layout-column fusion_builder_column fusion-builder-column-0 fusion_builder_column_1_1 1_1 fusion-flex-column\" style=\"--awb-bg-blend:overlay;--awb-bg-size:cover;--awb-width-large:100%;--awb-margin-top-large:0px;--awb-spacing-right-large:1.92%;--awb-margin-bottom-large:0px;--awb-spacing-left-large:1.92%;--awb-width-medium:100%;--awb-spacing-right-medium:1.92%;--awb-spacing-left-medium:1.92%;--awb-width-small:100%;--awb-spacing-right-small:1.92%;--awb-spacing-left-small:1.92%;\"><div class=\"fusion-column-wrapper fusion-flex-justify-content-flex-start fusion-content-layout-column\"><div class=\"fusion-text fusion-text-1\" style=\"--awb-text-transform:none;\"><p>Unser Verein freut sich \u00fcber jegliche Art von Geld- und Sachspenden. Dabei ist uns jeder Betrag der uns in unserem st\u00e4ndigen Kampf gegen die Lebensmittelverschwendung und in unserer Vereinsarbeit unterst\u00fctzt willkommen.<\/p>\n<p>Hier findest du unsere Kontodaten:<\/p>\n<p>Empf\u00e4nger: foodsharing Landkreis Offenbach West e.V.<br \/>\nInstitut: Sparkasse Langen-Seligenstadt<br \/>\nIBAN: DE45 5065 2124 0026 1455 65<br \/>\nBIC: HELADEF1SLS<br \/>\nVerwendungszweck: \u201eSpende f\u00fcr foodsharing Landkreis Offenbach West e.V.\u201c<\/p>\n<div class=\"col-sm-9\" data-v-a9b4d8dc=\"\">\n<p>Und hier der Link zum PayPal Konto<\/p>\n<p><a href=\"https:\/\/www.paypal.com\/paypalme\/flkofwev?country.x=DE&amp;locale.x=de_DE&amp;fbclid=IwAR04mx5z8oezGA4kDY2wGk85Rw-uyXUMXlGujK_LAdBKyUrY05Xu8fUeRB0\">https:\/\/www.paypal.com\/paypalme\/flkofwev?country.x=DE&amp;locale.x=de_DE&amp;fbclid=IwAR04mx5z8oezGA4kDY2wGk85Rw-uyXUMXlGujK_LAdBKyUrY05Xu8fUeRB0<\/a><\/p>\n<\/div>\n<\/div><div class=\"fusion-text fusion-text-2\" style=\"--awb-text-transform:none;\"><p>Au\u00dferdem freuen wir uns auch immer wieder \u00fcber Sachspenden. Sei es Sachen f\u00fcr unsere Fairteiler wie Regale und \u00e4hnliches oder auch Dinge f\u00fcr unsere Fairteilungen wie zum Beispiel Becher mit Deckel, T\u00fcten, etc.. Solltet ihr hier etwas f\u00fcr uns haben oder auch Ideen was wir ggf. f\u00fcr unseren Verein brauchen k\u00f6nnten, wendet euch doch bitte an <a href=\"mailto:lk.offenbach-west@foodsharing.network\">lk.offenbach-west@foodsharing.network<\/a><\/p>\n<\/div><\/div><\/div><\/div><\/div>\n","protected":false},"excerpt":{"rendered":"","protected":false},"author":2,"featured_media":0,"parent":0,"menu_order":0,"comment_status":"closed","ping_status":"closed","template":"","meta":{"footnotes":""},"class_list":["post-2650","page","type-page","status-publish","hentry"],"_links":{"self":[{"href":"https:\/\/foodsharing-lkofw.de\/index.php\/wp-json\/wp\/v2\/pages\/2650","targetHints":{"allow":["GET"]}}],"collection":[{"href":"https:\/\/foodsharing-lkofw.de\/index.php\/wp-json\/wp\/v2\/pages"}],"about":[{"href":"https:\/\/foodsharing-lkofw.de\/index.php\/wp-json\/wp\/v2\/types\/page"}],"author":[{"embeddable":true,"href":"https:\/\/foodsharing-lkofw.de\/index.php\/wp-json\/wp\/v2\/users\/2"}],"replies":[{"embeddable":true,"href":"https:\/\/foodsharing-lkofw.de\/index.php\/wp-json\/wp\/v2\/comments?post=2650"}],"version-history":[{"count":8,"href":"https:\/\/foodsharing-lkofw.de\/index.php\/wp-json\/wp\/v2\/pages\/2650\/revisions"}],"predecessor-version":[{"id":2708,"href":"https:\/\/foodsharing-lkofw.de\/index.php\/wp-json\/wp\/v2\/pages\/2650\/revisions\/2708"}],"wp:attachment":[{"href":"https:\/\/foodsharing-lkofw.de\/index.php\/wp-json\/wp\/v2\/media?parent=2650"}],"curies":[{"name":"wp","href":"https:\/\/api.w.org\/{rel}","templated":true}]}}