{"id":2647,"date":"2022-12-06T10:46:42","date_gmt":"2022-12-06T08:46:42","guid":{"rendered":"https:\/\/foodsharing-lkofw.de\/?page_id=2647"},"modified":"2026-02-26T12:15:08","modified_gmt":"2026-02-26T10:15:08","slug":"aktiv-werden","status":"publish","type":"page","link":"https:\/\/foodsharing-lkofw.de\/index.php\/aktiv-werden\/","title":{"rendered":"Aktiv werden"},"content":{"rendered":"<div class=\"fusion-fullwidth fullwidth-box fusion-builder-row-1 fusion-flex-container nonhundred-percent-fullwidth non-hundred-percent-height-scrolling\" style=\"--awb-border-radius-top-left:0px;--awb-border-radius-top-right:0px;--awb-border-radius-bottom-right:0px;--awb-border-radius-bottom-left:0px;--awb-margin-top:-10%;--awb-background-color:var(--awb-color3);--awb-flex-wrap:wrap;\" ><div class=\"fusion-builder-row fusion-row fusion-flex-align-items-flex-start fusion-flex-content-wrap\" style=\"max-width:1248px;margin-left: calc(-4% \/ 2 );margin-right: calc(-4% \/ 2 );\"><div class=\"fusion-layout-column fusion_builder_column fusion-builder-column-0 fusion_builder_column_1_1 1_1 fusion-flex-column\" style=\"--awb-bg-blend:overlay;--awb-bg-size:cover;--awb-width-large:100%;--awb-margin-top-large:10px;--awb-spacing-right-large:1.92%;--awb-margin-bottom-large:0px;--awb-spacing-left-large:1.92%;--awb-width-medium:100%;--awb-spacing-right-medium:1.92%;--awb-spacing-left-medium:1.92%;--awb-width-small:100%;--awb-spacing-right-small:1.92%;--awb-spacing-left-small:1.92%;\"><div class=\"fusion-column-wrapper fusion-flex-justify-content-flex-start fusion-content-layout-column\"><div class=\"fusion-text fusion-text-1\" style=\"--awb-text-transform:none;\"><p>Wir freuen uns sehr \u00fcber neue Mitglieder und m\u00f6chten Dir hier zeigen, welche weiteren Schritte Du unternehmen musst:<\/p>\n<ol>\n<li>Werde Mitglied (<a href=\"https:\/\/drive.google.com\/file\/d\/1nZyTgZH4V9GzZmeSvDrafLoPWAuoZK7A\/view\" target=\"_blank\" rel=\"noopener noreferrer\">Mitgliedsantrag<\/a>) &#8211; es gibt drei M\u00f6glichkeiten aktives Mitglied bei FLOW e.V. zu werden:\n<ul>\n<li>Ordentliche Mitgliedschaft: Du wohnst im Landkreis Offenbach West (Egelsbach, Dreieich, Langen (Hessen) oder Neu-Isenburg) und bist in keinem weiteren foodsharing Verein Erstmitglied, dann erf\u00fcllst du die Kriterien f\u00fcr eine ordentliche Mitgliedschaft.<\/li>\n<li>Gastmitgliedschaft: Du bist bereits in einem anderen foodsharing Bezirk aktiv, hast eine Verbindung zu FLOW e.V., zum Beispiel \u00fcber Familie &amp; Freunde in unserem Bezirk und m\u00f6chtest auch hier Betriebe beretten, dann ist die Gastmitgliedschaft genau richtig f\u00fcr Dich!<\/li>\n<li>F\u00f6rdermitglied: Du begeisterst dich f\u00fcr foodsharing, den Bezirk FLOW e.V. und unser Engagement, aber Du kannst momentan eine aktive Mitgliedschaft nicht gew\u00e4hrleisten, dann werde gerne F\u00f6rdermitglied und unterst\u00fctze FLOW e.V. \u00fcber eine Spende.<\/li>\n<\/ul>\n<\/li>\n<li>Registrierung:<br \/>\nFoodsaver stellen &#8222;das Gesicht&#8220; von foodsharing sowohl gegen\u00fcber den Lebensmittelbetrieben als auch gegen\u00fcber der \u00d6ffentlichkeit insgesamt dar. Bitte erstelle einen Account \u00fcber folgende homepage: <a href=\"https:\/\/foodsharing.de\" target=\"_blank\" rel=\"noopener noreferrer\">foodsharing | Rette mit!<\/a><br \/>\nBitte denke daran, dass alle Deine Daten korrekt eingetragen sind und du ein erkennbares Profilfoto w\u00e4hlst, denn DU wirst foodsharing in Zukunft repr\u00e4sentieren<\/li>\n<li>L\u00f6se erfolgreich das Foodsaver Quiz:<br \/>\nMit der Vorgabe, dass jedes Mitglied bei foodsharing zun\u00e4chst erfolgreich ein Quiz l\u00f6sen muss, m\u00f6chten wir sicherstellen, dass unsere neuen Mitglieder unsere Vision und Ziele verstehen und teilen und vor Allem aber auch mit der Zweckbestimmung des foodsharings auseinandersetzen. Das Quiz \u00fcberpr\u00fcft das Wissen und Verst\u00e4ndnis, welches f\u00fcr ein reibungsloses Miteinander und professionelles Auftreten gegen\u00fcber Betrieben notwendig sind. Hierzu kannst Du dich auf der foodsharing wiki Seite schlau machen: <a href=\"https:\/\/wiki.foodsharing.de\/Hauptseite\" target=\"_blank\" rel=\"noopener noreferrer\">Lebensmittelretten Wiki<\/a><\/li>\n<\/ol>\n<p>Das Foodsaver-Quiz erreichst Du, indem du mit der Maus oben rechts \u00fcber dein Profilbild f\u00e4hrst und auf &#8218;Einstellungen&#8216; klickst. In der linken Leiste erscheint der Button &#8218;Werde Foodsaver&#8216;, \u00fcber den Du zum Quiz kommst. Du hast die Wahl zwischen einer Version mit 10 Fragen und Zeitlimit oder mit 20 Fragen ohne Zeitlimit.<br \/>\nDu hast 3 Versuche f\u00fcr das FS-Quiz und nach einer Lernpause nochmal 2 weitere Versuche.<\/p>\n<ol start=\"4\">\n<li>Hygienezertifikat:<br \/>\nFoodsharing und so auch der FLOW e.V. kooperieren unter anderem auch mit den gro\u00dfen Lebensmittelketten. Weil wir als Foodsaver aktiv mit den Lebensmitteln in den Betrieben umgehen, ist es notwendig, dass jedes Mitglied bei FLOW e.V. ein g\u00fcltiges Hygienezertifikat hat. Das Zertifikat kannst Du \u00fcber folgende online Schulung erhalten: <a href=\"https:\/\/www.metro.de\/wissen\/etraining\/haccp\">Hygieneschulung<\/a><br \/>\nDie Hygieneschulung muss j\u00e4hrlich erneuert werden und der Nachweis (Zertifikat) an FLOW e.V. weitergeleitet werden.<\/li>\n<li>Probeabholungen \u2013 Sooooo, wir kommen zum vorletzten und besonders wichtigen Schritt, damit Du aktiver Foodsaver\/in werden kannst. Um bei FLOW e.V. aktiv zu werden, ben\u00f6tigst Du mindestens drei erfolgreich durchgef\u00fchrte Probeabholungen. Hier begleitest Du erfahrene Foodsaver zu ihren Abholungen im Betrieb, lernst die Abl\u00e4ufe vor Ort kennen, wie man genie\u00dfbare von den ungenie\u00dfbaren Lebensmitteln unterscheidet, das ganze Drumherum und hast die Gelegenheit Fragen zu stellen und Tipps und Tricks zu lernen. Idealerweise meldest Du dich bei unterschiedlichen Abholungen an: zum Beispiel in einem kleinen und gro\u00dfen Supermarkt, bei einem B\u00e4cker oder einem Betrieb, der schon zubereitete Lebensmittel abgibt. So hast Du die M\u00f6glichkeit die ganze Bandbreite ohne alleinige Verantwortung kennenzulernen.<br \/>\n3 Probeabholungen sind mindestens n\u00f6tig. Du darfst nat\u00fcrlich aber auch mehr Abholungen in Begleitung machen, wenn du dich noch unsicher f\u00fchlst oder mehr Erfahrung sammeln m\u00f6chtest. Eine dieser Abholungen wird dann auch mit einer unserer Botschafterinnen stattfinden, damit ihr euch kennenlernen und austauschen k\u00f6nnt.<\/li>\n<li>Neulingsschulung und Ausweis\u00fcbergabe<br \/>\nDu hast es fast geschafft! Was dir noch fehlt, damit du selbst losstarten kannst ist die Neulingsschulung und dein eigener Ausweis. Bei der Neulingsschulung erh\u00e4ltst du nochmals eine \u00dcbersicht zu foodsharing als Verein, dem Zweck des Vereins und unseren Zielen. Es wird dar\u00fcber gesprochen, wie man unverzehrbare Lebensmittel erkennt, welche rechtlichen Rahmenbedingungen jeder Foodsaver erf\u00fcllen muss und wie der Verein sich auch au\u00dferhalb der Abholungen pr\u00e4sentiert, z.B. bei Veranstaltungen und wie du hier unterst\u00fctzen kannst.<\/li>\n<\/ol>\n<p>Und dann ist es soweit: sobald eine unserer Botschafterinnen best\u00e4tigen kann, dass du alle Punkte 1-6 erfolgreich absolviert hast, wird dein Foodsaver-Ausweis erstellt und du kannst ihn abholen.<\/p>\n<p>Die Foodsaver\/innen des FLOW e.V. hei\u00dfen dich herzlich willkommen und freuen sich auf eine tolle Zusammenarbeit: f\u00fcr den Umweltschutz, mit viel Engagement und ganz viel Spa\u00df und Freude einen positiven Beitrag gegen Lebensmittelverschwendung zu leisten! ?<\/p>\n<h2><b>Links <\/b><\/h2>\n<ul>\n<li><a href=\"https:\/\/drive.google.com\/file\/d\/1oEfMi8DMSpmbCdID3VtNazdRguhBgiZR\/view?usp=sharing\" target=\"_blank\" rel=\"noopener noreferrer\">Gesch\u00e4ftsordnung<\/a><\/li>\n<li><a href=\"https:\/\/drive.google.com\/file\/d\/1rfTnzRfajRa2YMwCIOIKscK9kQSE4sgg\/view?usp=sharing\" target=\"_blank\" rel=\"noopener noreferrer\">Satzung<\/a><\/li>\n<li><a href=\"https:\/\/drive.google.com\/file\/d\/1nZyTgZH4V9GzZmeSvDrafLoPWAuoZK7A\/view\" target=\"_blank\" rel=\"noopener noreferrer\">Mitgliedsantrag<\/a><\/li>\n<li><a href=\"https:\/\/www.metro.de\/wissen\/etraining\/haccp\">Hygieneschulung<\/a><\/li>\n<\/ul>\n<\/div><\/div><\/div><\/div><\/div>\n","protected":false},"excerpt":{"rendered":"","protected":false},"author":2,"featured_media":0,"parent":0,"menu_order":0,"comment_status":"closed","ping_status":"closed","template":"","meta":{"footnotes":""},"class_list":["post-2647","page","type-page","status-publish","hentry"],"_links":{"self":[{"href":"https:\/\/foodsharing-lkofw.de\/index.php\/wp-json\/wp\/v2\/pages\/2647","targetHints":{"allow":["GET"]}}],"collection":[{"href":"https:\/\/foodsharing-lkofw.de\/index.php\/wp-json\/wp\/v2\/pages"}],"about":[{"href":"https:\/\/foodsharing-lkofw.de\/index.php\/wp-json\/wp\/v2\/types\/page"}],"author":[{"embeddable":true,"href":"https:\/\/foodsharing-lkofw.de\/index.php\/wp-json\/wp\/v2\/users\/2"}],"replies":[{"embeddable":true,"href":"https:\/\/foodsharing-lkofw.de\/index.php\/wp-json\/wp\/v2\/comments?post=2647"}],"version-history":[{"count":10,"href":"https:\/\/foodsharing-lkofw.de\/index.php\/wp-json\/wp\/v2\/pages\/2647\/revisions"}],"predecessor-version":[{"id":2856,"href":"https:\/\/foodsharing-lkofw.de\/index.php\/wp-json\/wp\/v2\/pages\/2647\/revisions\/2856"}],"wp:attachment":[{"href":"https:\/\/foodsharing-lkofw.de\/index.php\/wp-json\/wp\/v2\/media?parent=2647"}],"curies":[{"name":"wp","href":"https:\/\/api.w.org\/{rel}","templated":true}]}}