{"id":2643,"date":"2022-12-06T10:40:22","date_gmt":"2022-12-06T08:40:22","guid":{"rendered":"https:\/\/foodsharing-lkofw.de\/?page_id=2643"},"modified":"2026-02-26T12:19:01","modified_gmt":"2026-02-26T10:19:01","slug":"datenschutzerklaerung","status":"publish","type":"page","link":"https:\/\/foodsharing-lkofw.de\/index.php\/datenschutzerklaerung\/","title":{"rendered":"Datenschutzerkl\u00e4rung"},"content":{"rendered":"<p>Datenschutzerkl\u00e4rung des foodsharing Landkreis Offenbach West e.V. (im Folgenden: Verein)<\/p>\n<p>I. Name und Kontaktdaten des Verantwortlichen und des Datenschutzbeauftragten<br \/>\nVerantwortlicher im Sinne des Art. 13 Abs. 1 lit. a) DS-GVO ist<br \/>\nfoodsharing Landkreis Offenbach West e.V.<br \/>\nAlicestr. 27<br \/>\n63263 Neu-Isenburg (Hessen)<br \/>\nE-Mail: lk.offenbach-west@foodsharing.network<\/p>\n<p>Vorstand:<br \/>\nVorsitzende: Veronica Ierimonte<br \/>\nStellvertretende Vorsitzende: Kerstin Albrecht<br \/>\nSchatzmeisterin: Silvia Szebedits<br \/>\nDer vertretungsberechtigte Vorstand besteht aus dem Vorsitzenden, dem stellvertretenden Vorsitzenden und dem Schatzmeister. Jeweils zwei Vorstandsmitglieder vertreten den Verein gemeinsam.<\/p>\n<p>Unseren Datenschutzbeauftragten erreichen Sie unter folgender E-Mail-Adresse:<br \/>\nlk.offenbach-west@foodsharing.network<\/p>\n<p>II. Allgemeine Grunds\u00e4tze<br \/>\nDie Erhebung, Verarbeitung und Nutzung von personenbezogenen Daten erfolgt im Verein<br \/>\nnach den Richtlinien der EU-weiten Datenschutz-Grundverordnung (DSGVO) sowie des<br \/>\ng\u00fcltigen Bundesdatenschutzgesetzes (BDSG).<\/p>\n<p>Mit dem Beitritt eines Mitglieds zum Verein erfolgt eine datenschutzrechtliche Unterrichtung<br \/>\ndes Mitglieds (gem\u00e4\u00df Art. 13 Abs. 1 und Abs. 2 DSGVO). Der Verein darf beim<br \/>\nVereinseintritt alle Daten erheben (Aufnahmeantrag bzw. Beitrittserkl\u00e4rung), die zur<br \/>\nVerfolgung der Vereinsziele und f\u00fcr die Betreuung und Verwaltung der Mitglieder erforderlich<br \/>\nsind (siehe Art. 6 Abs. 1 lit. b DSGVO).<\/p>\n<p>F\u00fcr die Nutzung von personenbezogenen Daten sowie auch von Fotos im Rahmen der<br \/>\nPressearbeit in den Print- und Online-Medien (Vereinshomepage, vom Verein genutzte Social-Media-Plattformen) wird bei Bedarf eine separate Einwilligung eingeholt.<\/p>\n<p>III. Beitritt zum Verein<br \/>\nMit dem Beitritt eines Mitglieds nimmt der Verein folgende personenbezogene Daten auf:<br \/>\n\u2022 Vor- und Zuname<br \/>\n\u2022 Geschlecht<br \/>\n\u2022 Anschrift (Stra\u00dfe, Hausnummer, PLZ, Wohnort)<br \/>\n\u2022 Kommunikationsdaten (Telefon, E-Mail)<br \/>\n\u2022 Geburtsdatum<br \/>\n\u2022 Bankverbindung<br \/>\n\u2022 Mitgliedschaft in einem anderen foodsharing-Bezirksverein<\/p>\n<p>Jedem Vereinsmitglied wird zudem eine vereinseigene Mitgliedsnummer zugeordnet.<br \/>\nDie personenbezogenen Daten werden in einem vereinseigenen EDV-System gespeichert,<br \/>\nwelches durch technische und organisatorische Ma\u00dfnahmen vor einem unberechtigten<br \/>\nZugriff Dritter gesch\u00fctzt ist.<\/p>\n<p>Sonstige Informationen und Informationen \u00fcber Nichtmitglieder werden von dem Verein<br \/>\nintern nur erhoben und verarbeitet, wenn sie zur Erf\u00fcllung des Vereinszweckes n\u00fctzlich sind<br \/>\nund keine Anhaltspunkte bestehen, dass die betroffene Person ein schutzw\u00fcrdiges Interesse<br \/>\nhat, das der Verarbeitung entgegensteht.<\/p>\n<p>IV. Austritt aus dem Verein<br \/>\nBeim Austritt von Mitgliedern werden alle gespeicherten Daten archiviert. Die archivierten<br \/>\nDaten werden ebenfalls durch geeignete technische und organisatorische Ma\u00dfnahmen vor<br \/>\nder Kenntnisnahme Dritter gesch\u00fctzt. Die archivierten Daten d\u00fcrfen ebenfalls nur zu vereinsinternen Zwecken verwendet werden.<\/p>\n<p>Personenbezogene Daten des austretenden Mitglieds, die die Kassenverwaltung des<br \/>\nVereins betreffen, werden gem\u00e4\u00df den steuergesetzlichen Bestimmungen bis zu zehn<br \/>\nKalenderjahre ab der Wirksamkeit des Austritts durch den Verein aufbewahrt. Danach<br \/>\nwerden diese Daten gel\u00f6scht.<\/p>\n<p>V. Zweck und Rechtsgrundlage der Verarbeitung von Daten im Rahmen der Mitgliedschaft<\/p>\n<ol>\n<li>Mitgliederverwaltung<br \/>\nZum Zwecke der Mitgliederverwaltung werden die beim Beitritt erhobenen personenbezogenen Daten verarbeitet. Die Rechtsgrundlage hierf\u00fcr ist Art. 6 Abs. 1 S. 1 lit. b) DS-GVO.<\/li>\n<\/ol>\n<p>Im Rahmen der Cloud-Mitgliederverwaltung werden die personenbezogenen Daten unserer Mitglieder bei gespeichert.<\/p>\n<ol start=\"2\">\n<li>Beitragsverwaltung<br \/>\nZum Zwecke der Beitragsverwaltung wird die Bankverbindung verarbeitet.<br \/>\nDie Rechtsgrundlage hierf\u00fcr ist Art. 6 Abs. 1 S. 1 lit. b) DS-GVO.<\/li>\n<li>Au\u00dfendarstellung<br \/>\nZum Zwecke der Au\u00dfendarstellung werden Fotos der Mitglieder\/von Veranstaltungen auf<br \/>\nder Vereinswebseite www.foodsharing-lkofw.de und in der Presse ver\u00f6ffentlicht. Die Rechtsgrundlage hierf\u00fcr ist Art. 6 Abs. 1 S. 1 lit. a) DS-GVO.<\/li>\n<\/ol>\n<p>Das einzelne Mitglied kann jederzeit gegen\u00fcber dem Vorstand einer solchen<br \/>\nVer\u00f6ffentlichung widersprechen. Im Falle des Widerspruches unterbleiben in Bezug auf das<br \/>\nwidersprechende Mitglied weitere Ver\u00f6ffentlichungen. Personenbezogene Daten des<br \/>\nwidersprechenden Mitglieds werden von der Homepage des Vereins entfernt.<\/p>\n<ol start=\"4\">\n<li>Eigenwerbung<br \/>\nZum Zwecke der Eigenwerbung des Mustervereins wird Werbung an die E-Mail-Adresse der<br \/>\nMitglieder versendet. Die Rechtsgrundlage hierf\u00fcr ist Art. 6 Abs. 1 S. 1 lit. f) DS-GVO.<\/li>\n<li>\u00dcbermittlung von Daten an Foodsharing e.V.<br \/>\nDer Verein ist Teil der Foodsharing-Initiative und Mitglied des Foodsharing e.V. (im Folgenden: Dachverein), Neven-DuMont-Str. 14, 50667 K\u00f6ln.<\/li>\n<\/ol>\n<p>Bei Vorstandsmitgliedern wird an den foodsharing e.V. die vollst\u00e4ndige Adresse des Mitglieds mit<br \/>\nTelefonnummer, E-Mail-Adresse sowie der Bezeichnung seiner Funktion im Verein \u00fcbermittelt, um eine Kommunikation zwischen dem Dachverein und den Verantwortlichen des Vereins zu erm\u00f6glichen. Die Rechtsgrundlage hierf\u00fcr ist Art. 6 Abs. 1 S. 1 lit. f) DS-GVO.<\/p>\n<p>Der Verein erkl\u00e4rt ausdr\u00fccklich bei Abgabe einer Meldung der Vorstandsmitglieder an den Dachverein, dass die Daten ausschlie\u00dflich f\u00fcr interne Zwecke verwendet werden<br \/>\nd\u00fcrfen; eine \u00dcberlassung an Dritte ist untersagt bzw. bedarf der schriftlichen Einwilligung der<br \/>\nMitglieder des Vereins.<\/p>\n<ol start=\"6\">\n<li>Weitergabe von Mitgliedsdaten an Vereinsmitglieder<br \/>\nMitgliederverzeichnisse werden nur an Vorstandsmitglieder und sonstige Mitglieder<br \/>\nausgeh\u00e4ndigt, die im Verein nach Satzung und\/oder Gesch\u00e4ftsordnung eine besondere<br \/>\nFunktion aus\u00fcben, welche die Kenntnis der Mitgliederdaten erfordert. Macht ein Mitglied<br \/>\ngeltend, dass er die Mitgliederliste zur Wahrnehmung seiner satzungsm\u00e4\u00dfigen Rechte<br \/>\nben\u00f6tigt, h\u00e4ndigt der Vorstand die Liste nur gegen die schriftliche Versicherung aus, dass die<br \/>\nMitgliederdaten nicht zu anderen Zwecken verwendet werden.<\/li>\n<\/ol>\n<p>VI. Webseite<br \/>\nWenn Sie unsere Seite aufrufen, werden zum einen durch Ihren Browser automatisch<br \/>\nInformationen an den Server unserer Website gesendet, sog. Zugriffsdaten bzw. ServerLogfiles, wie z.B. der verwendete Webbrowser und das verwendete Betriebssystem, der<br \/>\nDomain-Name Ihre Internet-Providers, Ihre IP-Adresse oder auch der sog. Zeitstempel, also<br \/>\nder genaue Zeitpunkt und die Dauer Ihres Besuchs. Diese Daten m\u00fcssen notwendigerweise<br \/>\nerfasst werden, um technisch eine Darstellung und Verbindung herzustellen. Rechtsgrundlage hierf\u00fcr ist Art. 6 Abs. 1 f) DSGVO. Eine Datenauswertung erfolgt jedoch nicht, auch nicht in anonymisierter Form.<br \/>\nDie von Ihnen durch den Besuch unserer Webseite \u00fcbermittelten personenbezogenen Daten werden nicht an Dritte weitergegeben, weder zu kommerziellen noch zu nichtkommerziellen Zwecken.<br \/>\nDie Daten, die im Rahmen des Besuchs der Vereinswebseite gespeichert werden, werden nach 30 Tagen gel\u00f6scht.<\/p>\n<p>VII. Betroffenenrechte<br \/>\nSie haben hinsichtlich der Verarbeitung Ihrer personenbezogenen Daten nach den geltenden<br \/>\ndatenschutzrechtlichen Bestimmungen insbesondere einen Anspruch auf<br \/>\n\u2022 Information und Auskunft \u00fcber die von uns vorgenommene Verarbeitung Ihrer<br \/>\npersonenbezogenen Daten (Art. 15 DSGVO),<br \/>\n\u2022 Berichtigung und Vervollst\u00e4ndigung bez\u00fcglich unrichtiger bzw. unvollst\u00e4ndiger Daten<br \/>\n(Art. 16 DSGVO) und<br \/>\n\u2022 L\u00f6schung nach Ma\u00dfgabe des Art. 17 DSGVO bzw. auf Einschr\u00e4nkung nach Art. 18<br \/>\nDSGVO.<br \/>\nVIII. Widerspruch und Widerruf von Einwilligungen<br \/>\nSoweit Ihre personenbezogenen Daten im Rahmen des Art. 6 Abs. 1 f) DSGVO erhoben und verarbeitet werden (d.h. bei Vorliegen berechtigter Interessen des Verantwortlichen), haben Sie nach Art. 21 DSGVO das Recht, hiergegen jederzeit Widerspruch einzulegen, wenn insoweit Gr\u00fcnde bestehen, die sich aus Ihrer besonderen Situation ergeben, oder wenn sich der Widerspruch gegen eine Direktwerbung richtet. Soweit eine Datenverarbeitung aufgrund Ihrer diesbez\u00fcglichen vorherigen Einwilligung erfolgt ist, steht es Ihnen jederzeit frei, Ihre Einwilligung in den betreffenden Datenverarbeitungsvorgang zu widerrufen. Sowohl f\u00fcr den Widerspruch als auch f\u00fcr den Widerruf gen\u00fcgt eine einfache Mitteilung per E-Mail an uns. Die betreffenden personenbezogenen Daten werden dann unverz\u00fcglich gel\u00f6scht.<\/p>\n<p>IX. Hinweis auf Beschwerderecht bei einer Aufsichtsbeh\u00f6rde<br \/>\nAls Aufsichtsbeh\u00f6rde f\u00fcr die Einreichung von Beschwerden der Betroffenen zum<br \/>\nDatenschutz steht der Landesbeauftragte f\u00fcr Datenschutz und Informationssicherheit<br \/>\nHessen zur Verf\u00fcgung. Die Beschwerde kann online unter <a href=\"https:\/\/www.datenschutz.hessen.de\">https:\/\/www.datenschutz.hessen.de<\/a><br \/>\neingereicht werden.<\/p>\n","protected":false},"excerpt":{"rendered":"<p>Datenschutzerkl\u00e4rung des foodsharing Landkreis Offenbach West e.V. (im Folgenden: Verein) I. Name und Kontaktdaten des<\/p>\n","protected":false},"author":2,"featured_media":0,"parent":0,"menu_order":0,"comment_status":"closed","ping_status":"closed","template":"","meta":{"footnotes":""},"class_list":["post-2643","page","type-page","status-publish","hentry"],"_links":{"self":[{"href":"https:\/\/foodsharing-lkofw.de\/index.php\/wp-json\/wp\/v2\/pages\/2643","targetHints":{"allow":["GET"]}}],"collection":[{"href":"https:\/\/foodsharing-lkofw.de\/index.php\/wp-json\/wp\/v2\/pages"}],"about":[{"href":"https:\/\/foodsharing-lkofw.de\/index.php\/wp-json\/wp\/v2\/types\/page"}],"author":[{"embeddable":true,"href":"https:\/\/foodsharing-lkofw.de\/index.php\/wp-json\/wp\/v2\/users\/2"}],"replies":[{"embeddable":true,"href":"https:\/\/foodsharing-lkofw.de\/index.php\/wp-json\/wp\/v2\/comments?post=2643"}],"version-history":[{"count":6,"href":"https:\/\/foodsharing-lkofw.de\/index.php\/wp-json\/wp\/v2\/pages\/2643\/revisions"}],"predecessor-version":[{"id":2857,"href":"https:\/\/foodsharing-lkofw.de\/index.php\/wp-json\/wp\/v2\/pages\/2643\/revisions\/2857"}],"wp:attachment":[{"href":"https:\/\/foodsharing-lkofw.de\/index.php\/wp-json\/wp\/v2\/media?parent=2643"}],"curies":[{"name":"wp","href":"https:\/\/api.w.org\/{rel}","templated":true}]}}